{"id":24,"date":"2022-10-06T09:59:22","date_gmt":"2022-10-06T12:59:22","guid":{"rendered":"http:\/\/rebmar.com.br\/?page_id=24"},"modified":"2022-10-06T13:37:58","modified_gmt":"2022-10-06T16:37:58","slug":"rebmar","status":"publish","type":"page","link":"http:\/\/rebmar.com.br\/?page_id=24","title":{"rendered":"REBMAR"},"content":{"rendered":"\n<figure class=\"wp-block-image size-full\"><img loading=\"lazy\" decoding=\"async\" width=\"400\" height=\"291\" src=\"http:\/\/rebmar.com.br\/wp-content\/uploads\/2022\/10\/frente_pequeno_rebmar.jpg\" alt=\"\" class=\"wp-image-75\" srcset=\"http:\/\/rebmar.com.br\/wp-content\/uploads\/2022\/10\/frente_pequeno_rebmar.jpg 400w, http:\/\/rebmar.com.br\/wp-content\/uploads\/2022\/10\/frente_pequeno_rebmar-300x218.jpg 300w\" sizes=\"auto, (max-width: 400px) 100vw, 400px\" \/><\/figure>\n\n\n\n<p>Endere\u00e7o: Avenida Lusit\u00e2nia 347, Penha, Rio de Janeiro.<\/p>\n\n\n\n<p>Telefone: (21) 2139-4599<\/p>\n\n\n\n<figure class=\"wp-block-image size-full is-resized\"><img loading=\"lazy\" decoding=\"async\" src=\"http:\/\/rebmar.com.br\/wp-content\/uploads\/2022\/10\/qg_tel_rebmar.png\" alt=\"\" class=\"wp-image-89\" width=\"250\" height=\"250\" srcset=\"http:\/\/rebmar.com.br\/wp-content\/uploads\/2022\/10\/qg_tel_rebmar.png 1000w, http:\/\/rebmar.com.br\/wp-content\/uploads\/2022\/10\/qg_tel_rebmar-300x300.png 300w, http:\/\/rebmar.com.br\/wp-content\/uploads\/2022\/10\/qg_tel_rebmar-150x150.png 150w, http:\/\/rebmar.com.br\/wp-content\/uploads\/2022\/10\/qg_tel_rebmar-768x768.png 768w\" sizes=\"auto, (max-width: 250px) 100vw, 250px\" \/><\/figure>\n\n\n\n<p>Dire\u00e7\u00f5es\/mapa:<\/p>\n\n\n\n<iframe src=\"https:\/\/www.google.com\/maps\/embed?pb=!1m18!1m12!1m3!1d919.3330307728144!2d-43.27792285302065!3d-22.82719874876724!2m3!1f0!2f0!3f0!3m2!1i1024!2i768!4f13.1!3m3!1m2!1s0x997bba4d96da47%3A0xe707a87355a7f500!2sAv.%20Lusit%C3%A2nia%2C%20347%20-%20Penha%20Circular%2C%20Rio%20de%20Janeiro%20-%20RJ%2C%2021011-630!5e0!3m2!1spt-PT!2sbr!4v1642436252062!5m2!1spt-PT!2sbr\" width=\"400\" height=\"300\" style=\"border:0;\" allowfullscreen=\"\" loading=\"lazy\"><\/iframe>\n","protected":false},"excerpt":{"rendered":"<p>Endere\u00e7o: Avenida Lusit\u00e2nia 347, Penha, Rio de Janeiro. Telefone: (21) 2139-4599 Dire\u00e7\u00f5es\/mapa:<\/p>\n","protected":false},"author":1,"featured_media":0,"parent":0,"menu_order":0,"comment_status":"closed","ping_status":"closed","template":"","meta":{"footnotes":""},"class_list":["post-24","page","type-page","status-publish","hentry"],"_links":{"self":[{"href":"http:\/\/rebmar.com.br\/index.php?rest_route=\/wp\/v2\/pages\/24","targetHints":{"allow":["GET"]}}],"collection":[{"href":"http:\/\/rebmar.com.br\/index.php?rest_route=\/wp\/v2\/pages"}],"about":[{"href":"http:\/\/rebmar.com.br\/index.php?rest_route=\/wp\/v2\/types\/page"}],"author":[{"embeddable":true,"href":"http:\/\/rebmar.com.br\/index.php?rest_route=\/wp\/v2\/users\/1"}],"replies":[{"embeddable":true,"href":"http:\/\/rebmar.com.br\/index.php?rest_route=%2Fwp%2Fv2%2Fcomments&post=24"}],"version-history":[{"count":4,"href":"http:\/\/rebmar.com.br\/index.php?rest_route=\/wp\/v2\/pages\/24\/revisions"}],"predecessor-version":[{"id":91,"href":"http:\/\/rebmar.com.br\/index.php?rest_route=\/wp\/v2\/pages\/24\/revisions\/91"}],"wp:attachment":[{"href":"http:\/\/rebmar.com.br\/index.php?rest_route=%2Fwp%2Fv2%2Fmedia&parent=24"}],"curies":[{"name":"wp","href":"https:\/\/api.w.org\/{rel}","templated":true}]}}